{"id":6127,"date":"2025-06-12T17:02:03","date_gmt":"2025-06-12T17:02:03","guid":{"rendered":"http:\/\/brighthub.casethemes.net\/?page_id=6127"},"modified":"2026-04-05T19:25:04","modified_gmt":"2026-04-05T19:25:04","slug":"resources","status":"publish","type":"page","link":"https:\/\/accokinex.com\/fr\/resources\/","title":{"rendered":"Ressources"},"content":{"rendered":"<div data-elementor-type=\"wp-page\" data-elementor-id=\"6127\" class=\"elementor elementor-6127\">\n\t\t\t\t<div class=\"elementor-element elementor-element-1d8acdf e-flex e-con-boxed e-con e-parent\" data-id=\"1d8acdf\" data-element_type=\"container\" data-e-type=\"container\">\t\t\t<div class=\"e-con-inner\">\r\n\t\t\t\t<div class=\"elementor-element elementor-element-355373f elementor-widget elementor-widget-heading\" data-id=\"355373f\" data-element_type=\"widget\" data-e-type=\"widget\" data-widget_type=\"heading.default\">\n\t\t\t\t\t<h2 class=\"elementor-heading-title elementor-size-default\">Ressources<\/h2>\t\t\t\t<\/div>\n\t\t\t\t<div class=\"elementor-element elementor-element-2167304 elementor-widget elementor-widget-heading\" data-id=\"2167304\" data-element_type=\"widget\" data-e-type=\"widget\" data-widget_type=\"heading.default\">\n\t\t\t\t\t<h6 class=\"elementor-heading-title elementor-size-default\">Connaissances pratiques sur la transformation des donn\u00e9es en intelligence claire et actionnable.<\/h6>\t\t\t\t<\/div>\n\t\t\t\t\t<\/div>\r\n\t\t\t\t<\/div>\r\n\t\t<div class=\"elementor-element elementor-element-9b7198f e-con-full e-flex e-con e-child\" data-id=\"9b7198f\" data-element_type=\"container\" data-e-type=\"container\"><div class=\"elementor-element elementor-element-cdbcf96 e-con-full e-flex e-con e-child\" data-id=\"cdbcf96\" data-element_type=\"container\" data-e-type=\"container\" data-settings=\"{&quot;background_background&quot;:&quot;classic&quot;}\"><div class=\"elementor-element elementor-element-b233487 e-con-full e-flex e-con e-child\" data-id=\"b233487\" data-element_type=\"container\" data-e-type=\"container\">\t\t<div class=\"elementor-element elementor-element-b97cf05 elementor-invisible elementor-widget elementor-widget-pxl_heading\" data-id=\"b97cf05\" data-element_type=\"widget\" data-e-type=\"widget\" data-settings=\"{&quot;_animation&quot;:&quot;fadeInUp&quot;}\" data-widget_type=\"pxl_heading.default\">\n\t\t\t\t<div class=\"elementor-widget-container\">\n\t\t\t\t\t\r\n<div id=\"pxl-pxl_heading-b97cf05-9951\" class=\"pxl-heading\" data-animation-type=\"df\">\r\n\t<div class=\"pxl-heading__inner\">\r\n\t\t\t\r\n\t\t<h6 class=\"pxl-heading__title pxl-heading__style-default pxl-heading__highlight-default  df\" data-wow-delay=\"ms\" >\r\n\t\t<span class=\"pxl-heading__text\">\r\n\t\t\t\r\n\t\t\t\t\t\t\tIntelligence des ventes en temps r\u00e9el\n\t\r\n\t\t\t\t\r\n\t\t\t\r\n\t\t<\/span>\r\n\t\t<\/h6>\r\n\t<\/div>\r\n\t\r\n<\/div>\t\t\t\t<\/div>\n\t\t\t\t<\/div>\n\t\t\t\t<div class=\"elementor-element elementor-element-4f4a4b3 elementor-invisible elementor-widget elementor-widget-pxl_text_editor\" data-id=\"4f4a4b3\" data-element_type=\"widget\" data-e-type=\"widget\" data-settings=\"{&quot;_animation&quot;:&quot;fadeInUp&quot;,&quot;_animation_delay&quot;:200}\" data-widget_type=\"pxl_text_editor.default\">\n\t\t\t\t<div class=\"elementor-widget-container\">\n\t\t\t\t\t<div class=\"pxl-text-editor\">\n\t<div class=\"pxl-text-editor__inner\" data-wow-delay=\"ms\" >\n\t\t<p data-start=\"98\" data-end=\"180\">Suivez les unit\u00e9s, les transactions et les revenus en temps r\u00e9el. Visibilit\u00e9 compl\u00e8te, sans feuilles de calcul.<\/p>\t\t\n\t<\/div>\n<\/div>\t\t\t\t<\/div>\n\t\t\t\t<\/div>\n\t\t\t\t<\/div>\r\n\t\t\t\t<\/div>\r\n\t\t<div class=\"elementor-element elementor-element-548f223 e-con-full e-flex e-con e-child\" data-id=\"548f223\" data-element_type=\"container\" data-e-type=\"container\" data-settings=\"{&quot;background_background&quot;:&quot;classic&quot;}\"><div class=\"elementor-element elementor-element-290b20f e-con-full e-flex e-con e-child\" data-id=\"290b20f\" data-element_type=\"container\" data-e-type=\"container\"><div class=\"elementor-element elementor-element-a02acb1 e-con-full e-flex e-con e-child\" data-id=\"a02acb1\" data-element_type=\"container\" data-e-type=\"container\">\t\t<div class=\"elementor-element elementor-element-79e32e6 elementor-invisible elementor-widget elementor-widget-pxl_heading\" data-id=\"79e32e6\" data-element_type=\"widget\" data-e-type=\"widget\" data-settings=\"{&quot;_animation&quot;:&quot;fadeInUp&quot;}\" data-widget_type=\"pxl_heading.default\">\n\t\t\t\t<div class=\"elementor-widget-container\">\n\t\t\t\t\t\r\n<div id=\"pxl-pxl_heading-79e32e6-8678\" class=\"pxl-heading\" data-animation-type=\"df\">\r\n\t<div class=\"pxl-heading__inner\">\r\n\t\t\t\r\n\t\t<h6 class=\"pxl-heading__title pxl-heading__style-default pxl-heading__highlight-default  df\" data-wow-delay=\"ms\" >\r\n\t\t<span class=\"pxl-heading__text\">\r\n\t\t\t\r\n\t\t\t\t\t\t\tRapports automatis\u00e9s et vue d'ensemble\n\t\r\n\t\t\t\t\r\n\t\t\t\r\n\t\t<\/span>\r\n\t\t<\/h6>\r\n\t<\/div>\r\n\t\r\n<\/div>\t\t\t\t<\/div>\n\t\t\t\t<\/div>\n\t\t\t\t<div class=\"elementor-element elementor-element-5dcb08a elementor-invisible elementor-widget elementor-widget-pxl_text_editor\" data-id=\"5dcb08a\" data-element_type=\"widget\" data-e-type=\"widget\" data-settings=\"{&quot;_animation&quot;:&quot;fadeInUp&quot;,&quot;_animation_delay&quot;:200}\" data-widget_type=\"pxl_text_editor.default\">\n\t\t\t\t<div class=\"elementor-widget-container\">\n\t\t\t\t\t<div class=\"pxl-text-editor\">\n\t<div class=\"pxl-text-editor__inner\" data-wow-delay=\"ms\" >\n\t\t<p data-start=\"606\" data-end=\"773\">\u00c9liminez les rapports manuels. Les r\u00e9sum\u00e9s ex\u00e9cutifs, les m\u00e9triques de pipeline et les perspectives de performance sont g\u00e9n\u00e9r\u00e9s automatiquement, toujours pr\u00e9cis, toujours \u00e0 jour.<\/p>\t\t\n\t<\/div>\n<\/div>\t\t\t\t<\/div>\n\t\t\t\t<\/div>\n\t\t\t\t<\/div>\r\n\t\t\t\t<\/div>\r\n\t\t\t\t<\/div>\r\n\t\t\t\t<\/div>\r\n\t\t<div class=\"elementor-element elementor-element-4f0a47c e-flex e-con-boxed e-con e-parent\" data-id=\"4f0a47c\" data-element_type=\"container\" data-e-type=\"container\">\t\t\t<div class=\"e-con-inner\">\r\n\t\t\t\t<div class=\"elementor-element elementor-element-bc57250 pxl-post-layout-post-3 elementor-widget elementor-widget-pxl_post_grid\" data-id=\"bc57250\" data-element_type=\"widget\" data-e-type=\"widget\" data-widget_type=\"pxl_post_grid.default\">\n\t\t\t\t<div class=\"elementor-widget-container\">\n\t\t\t\t\t\r\n<div id=\"pxl_post_grid-bc57250-4520\" class=\"pxl-grid pxl-blog-grid pxl-blog-grid--layout-3\" data-start-page=\"1\" data-max-pages=\"1\" data-total=\"1\" data-perpage=\"6\" data-next-link=\"\">\r\n    \r\n    <div class=\"pxl-grid__inner pxl-grid__masonry row\" data-gutter=\"15\">\r\n                    <div class=\"pxl-grid__item col-xl-4 col-lg-4 col-md-6 col-sm-6 col-12 real-estate-development\">\r\n                <div class=\"pxl-grid__item-inner  pxl-posts__item pxl-posts__style-1\" data-wow-duration=\"1.2s\">\r\n                                            <div class=\"pxl-posts__item-img\">\r\n                            <a href=\"https:\/\/accokinex.com\/fr\/tracking-development-sales-in-real-time\/\"><img fetchpriority=\"high\" decoding=\"async\" class=\"\" src=\"https:\/\/accokinex.com\/wp-content\/uploads\/2026\/04\/Screenshot-2026-04-04-at-12.56.02-PM-500x327.png\" width=\"500\" height=\"327\" alt=\"Screenshot 2026-04-04 at 12.56.02\u202fPM\" title=\"Screenshot 2026-04-04 at 12.56.02\u202fPM\" ><\/a>\r\n                        <\/div>\r\n                                        <div class=\"pxl-posts__item-cnt\">\r\n                                                <h3 class=\"pxl-posts__item-tit\"><a href=\"https:\/\/accokinex.com\/fr\/tracking-development-sales-in-real-time\/\">Suivi des ventes de projets de d\u00e9veloppement en temps r\u00e9el<\/a><\/h3>\r\n                                                    <div class=\"pxl-posts__item-exc\">\r\n                                Intelligence op\u00e9rationnelle con\u00e7ue pour un leadership d\u00e9cisif. Suivi des ventes de projets de d\u00e9veloppement en temps r\u00e9el. D'Excel \u00e0 l'intelligence des ventes en temps r\u00e9el : comment AccoKinex transforme le suivi des projets de d\u00e9veloppement.                            <\/div>\r\n                                                                            <a class=\"pxl-post__item-gts\" href=\"https:\/\/accokinex.com\/fr\/tracking-development-sales-in-real-time\/\">\r\n                                Lire l'article                                <svg xmlns=\"http:\/\/www.w3.org\/2000\/svg\" width=\"16\" height=\"16\" viewbox=\"0 0 16 16\" fill=\"none\">\r\n                                    <path d=\"M9.62012 3.95312L13.6668 7.99979L9.62012 12.0465\" stroke=\"#181D27\" stroke-width=\"1.33333\" stroke-miterlimit=\"10\" stroke-linecap=\"round\" stroke-linejoin=\"round\"><\/path>\r\n                                    <path d=\"M2.33398 8H13.554\" stroke=\"#181D27\" stroke-width=\"1.33333\" stroke-miterlimit=\"10\" stroke-linecap=\"round\" stroke-linejoin=\"round\"><\/path>\r\n                                <\/svg>\r\n                            <\/a>\r\n                                            <\/div>\r\n                <\/div>\r\n            <\/div>\r\n                <div class=\"pxl-grid__sizer col-xl-4 col-lg-4 col-md-6 col-sm-6 col-12\"><\/div>\r\n        \r\n    <\/div>\r\n        <\/div>\t\t\t\t<\/div>\n\t\t\t\t<\/div>\n\t\t\t\t\t<\/div>\r\n\t\t\t\t<\/div>\r\n\t\t\t\t<\/div>","protected":false},"excerpt":{"rendered":"<p>Resources Practical insights on turning data into clear, actionable intelligence. Real-Time Sales Intelligence Track units, deals, and revenue in real time\u2014full visibility, no spreadsheets. Automated Reporting &#038; Insights Eliminate manual reporting. Executive summaries, pipeline metrics, and performance insights are generated automatically\u2014always accurate, always up to date. Tracking Development Sales in Real Time Operational Intelligence Built [&hellip;]<\/p>\n","protected":false},"author":1,"featured_media":0,"parent":0,"menu_order":0,"comment_status":"closed","ping_status":"closed","template":"","meta":{"footnotes":""},"class_list":["post-6127","page","type-page","status-publish","hentry"],"jetpack_sharing_enabled":true,"_links":{"self":[{"href":"https:\/\/accokinex.com\/fr\/wp-json\/wp\/v2\/pages\/6127","targetHints":{"allow":["GET"]}}],"collection":[{"href":"https:\/\/accokinex.com\/fr\/wp-json\/wp\/v2\/pages"}],"about":[{"href":"https:\/\/accokinex.com\/fr\/wp-json\/wp\/v2\/types\/page"}],"author":[{"embeddable":true,"href":"https:\/\/accokinex.com\/fr\/wp-json\/wp\/v2\/users\/1"}],"replies":[{"embeddable":true,"href":"https:\/\/accokinex.com\/fr\/wp-json\/wp\/v2\/comments?post=6127"}],"version-history":[{"count":66,"href":"https:\/\/accokinex.com\/fr\/wp-json\/wp\/v2\/pages\/6127\/revisions"}],"predecessor-version":[{"id":19457,"href":"https:\/\/accokinex.com\/fr\/wp-json\/wp\/v2\/pages\/6127\/revisions\/19457"}],"wp:attachment":[{"href":"https:\/\/accokinex.com\/fr\/wp-json\/wp\/v2\/media?parent=6127"}],"curies":[{"name":"wp","href":"https:\/\/api.w.org\/{rel}","templated":true}]}}